{"id":2,"date":"2026-04-11T17:02:25","date_gmt":"2026-04-11T17:02:25","guid":{"rendered":"http:\/\/xenangminhhao.yourweb.com.vn\/?page_id=2"},"modified":"2026-04-11T19:39:38","modified_gmt":"2026-04-11T19:39:38","slug":"trang-chu","status":"publish","type":"page","link":"https:\/\/xenangminhhao.yourweb.com.vn\/","title":{"rendered":"Trang ch\u1ee7"},"content":{"rendered":"\t<section class=\"section\" id=\"section_1174377323\">\n\t\t<div class=\"bg section-bg fill bg-fill  bg-loaded\" >\n\n\t\t\t\n\t\t\t\n\t\t\t\n\n\t\t<\/div>\n\n\t\t\n\n\t\t<div class=\"section-content relative\">\n\t\t\t\n<div class=\"slider-wrapper relative\" id=\"slider-2065192060\" >\n    <div class=\"slider slider-nav-circle slider-nav-large slider-nav-light slider-style-normal\"\n        data-flickity-options='{\n            \"cellAlign\": \"center\",\n            \"imagesLoaded\": true,\n            \"lazyLoad\": 1,\n            \"freeScroll\": false,\n            \"wrapAround\": true,\n            \"autoPlay\": 6000,\n            \"pauseAutoPlayOnHover\" : true,\n            \"prevNextButtons\": true,\n            \"contain\" : true,\n            \"adaptiveHeight\" : true,\n            \"dragThreshold\" : 10,\n            \"percentPosition\": true,\n            \"pageDots\": true,\n            \"rightToLeft\": false,\n            \"draggable\": true,\n            \"selectedAttraction\": 0.1,\n            \"parallax\" : 0,\n            \"friction\": 0.6        }'\n        >\n        \n\t<div class=\"img has-hover x md-x lg-x y md-y lg-y\" id=\"image_1194390748\">\n\t\t\t\t\t\t\t\t<div class=\"img-inner dark\" >\n\t\t\t<img loading=\"lazy\" decoding=\"async\" width=\"1366\" height=\"500\" src=\"https:\/\/xenangminhhao.yourweb.com.vn\/wp-content\/uploads\/2026\/04\/banner-xe-nang-minh-hao-2.webp\" class=\"attachment-original size-original\" alt=\"\" srcset=\"https:\/\/xenangminhhao.yourweb.com.vn\/wp-content\/uploads\/2026\/04\/banner-xe-nang-minh-hao-2.webp 1366w, https:\/\/xenangminhhao.yourweb.com.vn\/wp-content\/uploads\/2026\/04\/banner-xe-nang-minh-hao-2-300x110.webp 300w, https:\/\/xenangminhhao.yourweb.com.vn\/wp-content\/uploads\/2026\/04\/banner-xe-nang-minh-hao-2-1024x375.webp 1024w, https:\/\/xenangminhhao.yourweb.com.vn\/wp-content\/uploads\/2026\/04\/banner-xe-nang-minh-hao-2-768x281.webp 768w, https:\/\/xenangminhhao.yourweb.com.vn\/wp-content\/uploads\/2026\/04\/banner-xe-nang-minh-hao-2-600x220.webp 600w\" sizes=\"auto, (max-width: 1366px) 100vw, 1366px\" \/>\t\t\t\t\t\t\n\t\t\t\t\t<\/div>\n\t\t\t\t\t\t\t\t\n<style>\n#image_1194390748 {\n  width: 100%;\n}\n<\/style>\n\t<\/div>\n\t\n\t<div class=\"img has-hover x md-x lg-x y md-y lg-y\" id=\"image_1814507927\">\n\t\t\t\t\t\t\t\t<div class=\"img-inner dark\" >\n\t\t\t<img loading=\"lazy\" decoding=\"async\" width=\"1400\" height=\"513\" src=\"https:\/\/xenangminhhao.yourweb.com.vn\/wp-content\/uploads\/2026\/04\/banner-xe-nang-minh-hao-1400x513-1.webp\" class=\"attachment-original size-original\" alt=\"\" srcset=\"https:\/\/xenangminhhao.yourweb.com.vn\/wp-content\/uploads\/2026\/04\/banner-xe-nang-minh-hao-1400x513-1.webp 1400w, https:\/\/xenangminhhao.yourweb.com.vn\/wp-content\/uploads\/2026\/04\/banner-xe-nang-minh-hao-1400x513-1-300x110.webp 300w, https:\/\/xenangminhhao.yourweb.com.vn\/wp-content\/uploads\/2026\/04\/banner-xe-nang-minh-hao-1400x513-1-1024x375.webp 1024w, https:\/\/xenangminhhao.yourweb.com.vn\/wp-content\/uploads\/2026\/04\/banner-xe-nang-minh-hao-1400x513-1-768x281.webp 768w, https:\/\/xenangminhhao.yourweb.com.vn\/wp-content\/uploads\/2026\/04\/banner-xe-nang-minh-hao-1400x513-1-600x220.webp 600w\" sizes=\"auto, (max-width: 1400px) 100vw, 1400px\" \/>\t\t\t\t\t\t\n\t\t\t\t\t<\/div>\n\t\t\t\t\t\t\t\t\n<style>\n#image_1814507927 {\n  width: 100%;\n}\n<\/style>\n\t<\/div>\n\t\n\t<div class=\"img has-hover x md-x lg-x y md-y lg-y\" id=\"image_111762160\">\n\t\t\t\t\t\t\t\t<div class=\"img-inner dark\" >\n\t\t\t<img loading=\"lazy\" decoding=\"async\" width=\"1366\" height=\"500\" src=\"https:\/\/xenangminhhao.yourweb.com.vn\/wp-content\/uploads\/2026\/04\/banner-xe-nang-minh-hao-1.webp\" class=\"attachment-original size-original\" alt=\"\" srcset=\"https:\/\/xenangminhhao.yourweb.com.vn\/wp-content\/uploads\/2026\/04\/banner-xe-nang-minh-hao-1.webp 1366w, https:\/\/xenangminhhao.yourweb.com.vn\/wp-content\/uploads\/2026\/04\/banner-xe-nang-minh-hao-1-300x110.webp 300w, https:\/\/xenangminhhao.yourweb.com.vn\/wp-content\/uploads\/2026\/04\/banner-xe-nang-minh-hao-1-1024x375.webp 1024w, https:\/\/xenangminhhao.yourweb.com.vn\/wp-content\/uploads\/2026\/04\/banner-xe-nang-minh-hao-1-768x281.webp 768w, https:\/\/xenangminhhao.yourweb.com.vn\/wp-content\/uploads\/2026\/04\/banner-xe-nang-minh-hao-1-600x220.webp 600w\" sizes=\"auto, (max-width: 1366px) 100vw, 1366px\" \/>\t\t\t\t\t\t\n\t\t\t\t\t<\/div>\n\t\t\t\t\t\t\t\t\n<style>\n#image_111762160 {\n  width: 100%;\n}\n<\/style>\n\t<\/div>\n\t\n     <\/div>\n\n     <div class=\"loading-spin dark large centered\"><\/div>\n\n     \t<\/div>\n\n\n\t\t<\/div>\n\n\t\t\n<style>\n#section_1174377323 {\n  padding-top: 0px;\n  padding-bottom: 0px;\n}\n#section_1174377323 .ux-shape-divider--top svg {\n  height: 150px;\n  --divider-top-width: 100%;\n}\n#section_1174377323 .ux-shape-divider--bottom svg {\n  height: 150px;\n  --divider-width: 100%;\n}\n<\/style>\n\t<\/section>\n\t\n\t<section class=\"section\" id=\"section_75578191\">\n\t\t<div class=\"bg section-bg fill bg-fill  bg-loaded\" >\n\n\t\t\t\n\t\t\t\n\t\t\t\n\n\t\t<\/div>\n\n\t\t\n\n\t\t<div class=\"section-content relative\">\n\t\t\t\n<div class=\"row row-collapse\"  id=\"row-1737791545\">\n\n\t<div id=\"col-507630195\" class=\"col small-12 large-12\"  >\n\t\t\t\t<div class=\"col-inner\"  >\n\t\t\t\n\t\t\t\n\n  \n    <div class=\"row large-columns-4 medium-columns-3 small-columns-2 row-small\">\n  <div class=\"product-category col\" >\n            <div class=\"col-inner\">\n              <a aria-label=\"Truy c\u1eadp danh m\u1ee5c s\u1ea3n ph\u1ea9m Xe n\u00e2ng b\u00e1n t\u1ef1 \u0111\u1ed9ng\" href=\"https:\/\/xenangminhhao.yourweb.com.vn\/index.php\/danh-muc-san-pham\/san-pham-xe-nang\/xe-nang-ban-tu-dong\/\">                <div class=\"box box-category has-hover box-normal \">\n                <div class=\"box-image\" style=\"width:50%;\">\n                  <div class=\"\" >\n                  <img loading=\"lazy\" decoding=\"async\" src=\"https:\/\/xenangminhhao.yourweb.com.vn\/wp-content\/uploads\/2026\/04\/5.png\" alt=\"Xe n\u00e2ng b\u00e1n t\u1ef1 \u0111\u1ed9ng\" width=\"300\" height=\"300\" \/>                                                      <\/div>\n                <\/div>\n                <div class=\"box-text text-center\" >\n                  <div class=\"box-text-inner\">\n                      <h5 class=\"uppercase header-title\">\n                              Xe n\u00e2ng b\u00e1n t\u1ef1 \u0111\u1ed9ng                      <\/h5>\n                                            \n                  <\/div>\n                <\/div>\n                <\/div>\n            <\/a>            <\/div>\n            <\/div><div class=\"product-category col\" >\n            <div class=\"col-inner\">\n              <a aria-label=\"Truy c\u1eadp danh m\u1ee5c s\u1ea3n ph\u1ea9m Xe n\u00e2ng d\u1ea7u\" href=\"https:\/\/xenangminhhao.yourweb.com.vn\/index.php\/danh-muc-san-pham\/san-pham-xe-nang\/xe-nang-dau\/\">                <div class=\"box box-category has-hover box-normal \">\n                <div class=\"box-image\" style=\"width:50%;\">\n                  <div class=\"\" >\n                  <img loading=\"lazy\" decoding=\"async\" src=\"https:\/\/xenangminhhao.yourweb.com.vn\/wp-content\/uploads\/2026\/04\/3.png\" alt=\"Xe n\u00e2ng d\u1ea7u\" width=\"300\" height=\"300\" \/>                                                      <\/div>\n                <\/div>\n                <div class=\"box-text text-center\" >\n                  <div class=\"box-text-inner\">\n                      <h5 class=\"uppercase header-title\">\n                              Xe n\u00e2ng d\u1ea7u                      <\/h5>\n                                            \n                  <\/div>\n                <\/div>\n                <\/div>\n            <\/a>            <\/div>\n            <\/div><div class=\"product-category col\" >\n            <div class=\"col-inner\">\n              <a aria-label=\"Truy c\u1eadp danh m\u1ee5c s\u1ea3n ph\u1ea9m Xe n\u00e2ng tay\" href=\"https:\/\/xenangminhhao.yourweb.com.vn\/index.php\/danh-muc-san-pham\/san-pham-xe-nang\/xe-nang-tay-san-pham-xe-nang\/\">                <div class=\"box box-category has-hover box-normal \">\n                <div class=\"box-image\" style=\"width:50%;\">\n                  <div class=\"\" >\n                  <img loading=\"lazy\" decoding=\"async\" src=\"https:\/\/xenangminhhao.yourweb.com.vn\/wp-content\/uploads\/2026\/04\/4.png\" alt=\"Xe n\u00e2ng tay\" width=\"300\" height=\"300\" \/>                                                      <\/div>\n                <\/div>\n                <div class=\"box-text text-center\" >\n                  <div class=\"box-text-inner\">\n                      <h5 class=\"uppercase header-title\">\n                              Xe n\u00e2ng tay                      <\/h5>\n                                            \n                  <\/div>\n                <\/div>\n                <\/div>\n            <\/a>            <\/div>\n            <\/div><div class=\"product-category col\" >\n            <div class=\"col-inner\">\n              <a aria-label=\"Truy c\u1eadp danh m\u1ee5c s\u1ea3n ph\u1ea9m Xe n\u00e2ng \u0111i\u1ec7n\" href=\"https:\/\/xenangminhhao.yourweb.com.vn\/index.php\/danh-muc-san-pham\/san-pham-xe-nang\/xe-nang-dien\/\">                <div class=\"box box-category has-hover box-normal \">\n                <div class=\"box-image\" style=\"width:50%;\">\n                  <div class=\"\" >\n                  <img loading=\"lazy\" decoding=\"async\" src=\"https:\/\/xenangminhhao.yourweb.com.vn\/wp-content\/uploads\/2026\/04\/XE-nang-dien.webp\" alt=\"Xe n\u00e2ng \u0111i\u1ec7n\" width=\"300\" height=\"300\" \/>                                                      <\/div>\n                <\/div>\n                <div class=\"box-text text-center\" >\n                  <div class=\"box-text-inner\">\n                      <h5 class=\"uppercase header-title\">\n                              Xe n\u00e2ng \u0111i\u1ec7n                      <\/h5>\n                                            \n                  <\/div>\n                <\/div>\n                <\/div>\n            <\/a>            <\/div>\n            <\/div><\/div>\n\t\t<\/div>\n\t\t\t\t\t<\/div>\n\n\t\n<\/div>\n\t\t<\/div>\n\n\t\t\n<style>\n#section_75578191 {\n  padding-top: 30px;\n  padding-bottom: 30px;\n}\n#section_75578191 .ux-shape-divider--top svg {\n  height: 150px;\n  --divider-top-width: 100%;\n}\n#section_75578191 .ux-shape-divider--bottom svg {\n  height: 150px;\n  --divider-width: 100%;\n}\n<\/style>\n\t<\/section>\n\t\n\t<section class=\"section\" id=\"section_1928294246\">\n\t\t<div class=\"bg section-bg fill bg-fill  bg-loaded\" >\n\n\t\t\t\n\t\t\t\n\t\t\t\n\n\t\t<\/div>\n\n\t\t\n\n\t\t<div class=\"section-content relative\">\n\t\t\t\n<div class=\"row align-middle\"  id=\"row-1358032982\">\n\n\t<div id=\"col-721494783\" class=\"col medium-6 small-12 large-6\"  >\n\t\t\t\t<div class=\"col-inner\"  >\n\t\t\t\n\t\t\t\n<h2 data-start=\"78\" data-end=\"100\"><strong data-start=\"78\" data-end=\"98\">Xe N\u00e2ng Minh H\u1ea3o<\/strong><\/h2>\n<p data-start=\"102\" data-end=\"131\"><strong data-start=\"102\" data-end=\"129\">Gi\u1edbi thi\u1ec7u v\u1ec1 ch\u00fang t\u00f4i<\/strong><\/p>\n<p data-start=\"133\" data-end=\"389\">Trong b\u1ed1i c\u1ea3nh c\u00f4ng nghi\u1ec7p hi\u1ec7n \u0111\u1ea1i, vi\u1ec7c \u1ee9ng d\u1ee5ng c\u00f4ng ngh\u1ec7 v\u00e0o s\u1ea3n xu\u1ea5t gi\u00fap doanh nghi\u1ec7p n\u00e2ng cao n\u0103ng su\u1ea5t, t\u1ed1i \u01b0u chi ph\u00ed v\u00e0 c\u1ea3i thi\u1ec7n hi\u1ec7u qu\u1ea3 v\u1eadn h\u00e0nh. S\u1ef1 ph\u00e1t tri\u1ec3n m\u1ea1nh m\u1ebd c\u1ee7a nh\u00e0 m\u00e1y, kho b\u00e3i k\u00e9o theo nhu c\u1ea7u s\u1eed d\u1ee5ng xe n\u00e2ng ng\u00e0y c\u00e0ng gia t\u0103ng.<\/p>\n<p data-start=\"391\" data-end=\"539\">Hi\u1ec7n nay, xu h\u01b0\u1edbng \u0111ang chuy\u1ec3n d\u1ecbch t\u1eeb xe n\u00e2ng d\u1ea7u sang xe n\u00e2ng \u0111i\u1ec7n nh\u1eb1m gi\u1ea3m kh\u00ed th\u1ea3i, b\u1ea3o v\u1ec7 m\u00f4i tr\u01b0\u1eddng v\u00e0 \u0111\u1ea3m b\u1ea3o kh\u00f4ng gian l\u00e0m vi\u1ec7c an to\u00e0n.<\/p>\n<p data-start=\"541\" data-end=\"689\" data-is-last-node=\"\" data-is-only-node=\"\">V\u1edbi kinh nghi\u1ec7m h\u01a1n 5 n\u0103m, Xe N\u00e2ng Minh H\u1ea3o cam k\u1ebft mang \u0111\u1ebfn gi\u1ea3i ph\u00e1p\u00a0<a href=\"https:\/\/xenangminhhao.com\/dich-vu-sua-chua-xe-nang-tai-tp-ho-chi-minh\/\"><strong>s\u1eeda ch\u1eefa xe n\u00e2ng<\/strong><\/a>, \u0111\u00e1p \u1ee9ng t\u1ed1i \u0111a nhu c\u1ea7u c\u1ee7a kh\u00e1ch h\u00e0ng.<\/p>\n\t\t<\/div>\n\t\t\t\t\t<\/div>\n\n\t\n\n\t<div id=\"col-678613079\" class=\"col medium-6 small-12 large-6\"  >\n\t\t\t\t<div class=\"col-inner\"  >\n\t\t\t\n\t\t\t\n\n  <div class=\"banner has-hover has-video\" id=\"banner-1399925056\">\n          <div class=\"banner-inner fill\">\n        <div class=\"banner-bg fill\" >\n            <div class=\"bg fill bg-fill \"><\/div>\n            \t<div class=\"video-overlay no-click fill hide-for-medium\"><\/div>\n\t<video class=\"video-bg fill hide-for-medium\" preload playsinline autoplay\n\t\tmuted\t\tloop>\n\t\t<source src=\"http:\/\/xenangminhhao.yourweb.com.vn\/wp-content\/uploads\/2026\/04\/intro-video-xnmh.mp4\" type=\"video\/mp4\">\t<\/video>\n                        \n                    <\/div>\n\t\t\n        <div class=\"banner-layers container\">\n            <div class=\"fill banner-link\"><\/div>            \n        <\/div>\n      <\/div>\n\n            \n<style>\n#banner-1399925056 {\n  padding-top: 56.25%;\n}\n#banner-1399925056 .ux-shape-divider--top svg {\n  height: 150px;\n  --divider-top-width: 100%;\n}\n#banner-1399925056 .ux-shape-divider--bottom svg {\n  height: 150px;\n  --divider-width: 100%;\n}\n<\/style>\n  <\/div>\n\n\n\t\t<\/div>\n\t\t\t\t\t<\/div>\n\n\t\n<\/div>\n\t\t<\/div>\n\n\t\t\n<style>\n#section_1928294246 {\n  padding-top: 30px;\n  padding-bottom: 30px;\n}\n#section_1928294246 .ux-shape-divider--top svg {\n  height: 150px;\n  --divider-top-width: 100%;\n}\n#section_1928294246 .ux-shape-divider--bottom svg {\n  height: 150px;\n  --divider-width: 100%;\n}\n<\/style>\n\t<\/section>\n\t\n","protected":false},"excerpt":{"rendered":"","protected":false},"author":1,"featured_media":0,"parent":0,"menu_order":0,"comment_status":"closed","ping_status":"closed","template":"page-blank.php","meta":{"footnotes":""},"class_list":["post-2","page","type-page","status-publish","hentry"],"_links":{"self":[{"href":"https:\/\/xenangminhhao.yourweb.com.vn\/index.php\/wp-json\/wp\/v2\/pages\/2","targetHints":{"allow":["GET"]}}],"collection":[{"href":"https:\/\/xenangminhhao.yourweb.com.vn\/index.php\/wp-json\/wp\/v2\/pages"}],"about":[{"href":"https:\/\/xenangminhhao.yourweb.com.vn\/index.php\/wp-json\/wp\/v2\/types\/page"}],"author":[{"embeddable":true,"href":"https:\/\/xenangminhhao.yourweb.com.vn\/index.php\/wp-json\/wp\/v2\/users\/1"}],"replies":[{"embeddable":true,"href":"https:\/\/xenangminhhao.yourweb.com.vn\/index.php\/wp-json\/wp\/v2\/comments?post=2"}],"version-history":[{"count":12,"href":"https:\/\/xenangminhhao.yourweb.com.vn\/index.php\/wp-json\/wp\/v2\/pages\/2\/revisions"}],"predecessor-version":[{"id":514,"href":"https:\/\/xenangminhhao.yourweb.com.vn\/index.php\/wp-json\/wp\/v2\/pages\/2\/revisions\/514"}],"wp:attachment":[{"href":"https:\/\/xenangminhhao.yourweb.com.vn\/index.php\/wp-json\/wp\/v2\/media?parent=2"}],"curies":[{"name":"wp","href":"https:\/\/api.w.org\/{rel}","templated":true}]}}